{"id":9,"date":"2020-04-30T14:45:22","date_gmt":"2020-04-30T14:45:22","guid":{"rendered":"https:\/\/brodyandassociates.com\/training\/homepage\/"},"modified":"2026-02-27T07:29:02","modified_gmt":"2026-02-27T12:29:02","slug":"homepage","status":"publish","type":"page","link":"https:\/\/brodyandassociates.com\/training\/","title":{"rendered":"Homepage"},"content":{"rendered":"<h2>HUMAN RESOURCE SKILLS<br \/>\nONLINE-TRAINING<\/h2>\n<p style=\"text-align: center;\">For over 20 years, we have been a nationally recognized boutique Labor, Employment, and Benefits law firm representing management in all matters involving employees. We represent a broad range of organizations, from family-owned and emerging businesses to multinational Fortune 500 corporations. We tailor our services to meet each client\u2019s unique needs.<\/p>\n<p><span data-sheets-root=\"1\">Atr\u00e9vete a probar tu racha dorada dentro de <a class=\"in-cell-link\" href=\"https:\/\/magius-casino-es.com\/\" target=\"_blank\" rel=\"noopener\">magius-casino-es.com<\/a>. Nuestra plataforma combina bonos generosos con promociones activas, mientras la tradici\u00f3n del casino gu\u00eda cada jugada importante y t\u00fa apunta al estatus VIP sin dudar. No esperes m\u00e1s: activa tu sesi\u00f3n y busca el jackpot.<\/span><\/p>\n<p><a href=\"https:\/\/brodyandassociates.com\/training\/training\/\"><br \/>\nView Courses<br \/>\n<\/a><br \/>\n<a href=\"https:\/\/brodyandassociates.com\/training\/contact-us\/\"><br \/>\nContact Us<br \/>\n<\/a><\/p>\n<p style=\"text-align: center;\">For over 20 years,\u00a0 we have been a nationally recognized bontique Labor, Empolyment, and Benefits Law firm representing management in all matters involving employees. We represent a board range of organization, form family-owend and emerging bussinesses to multinational Fortune 500 corporation. We tailour our services to meet each client&#8217;s unique needs. We are both consulers and litigators. We use oue decades of experience and in-depth knowledge of our feild to provide proactive day-to-day consule and advice on all employment-related matters and zealously represent employers before Federal, State and Local courts and agencies. We also provide guidance for employers with unionized and union-free operations.<\/p>\n","protected":false},"excerpt":{"rendered":"<p>HUMAN RESOURCE SKILLS ONLINE-TRAINING For over 20 years, we have been a nationally recognized boutique Labor, Employment, and Benefits law firm representing management in all matters involving employees. We represent&hellip;<\/p>\n","protected":false},"author":70,"featured_media":0,"parent":0,"menu_order":0,"comment_status":"closed","ping_status":"closed","template":"","meta":{"footnotes":""},"class_list":["post-9","page","type-page","status-publish","hentry"],"_links":{"self":[{"href":"https:\/\/brodyandassociates.com\/training\/wp-json\/wp\/v2\/pages\/9","targetHints":{"allow":["GET"]}}],"collection":[{"href":"https:\/\/brodyandassociates.com\/training\/wp-json\/wp\/v2\/pages"}],"about":[{"href":"https:\/\/brodyandassociates.com\/training\/wp-json\/wp\/v2\/types\/page"}],"author":[{"embeddable":true,"href":"https:\/\/brodyandassociates.com\/training\/wp-json\/wp\/v2\/users\/70"}],"replies":[{"embeddable":true,"href":"https:\/\/brodyandassociates.com\/training\/wp-json\/wp\/v2\/comments?post=9"}],"version-history":[{"count":36,"href":"https:\/\/brodyandassociates.com\/training\/wp-json\/wp\/v2\/pages\/9\/revisions"}],"predecessor-version":[{"id":1026,"href":"https:\/\/brodyandassociates.com\/training\/wp-json\/wp\/v2\/pages\/9\/revisions\/1026"}],"wp:attachment":[{"href":"https:\/\/brodyandassociates.com\/training\/wp-json\/wp\/v2\/media?parent=9"}],"curies":[{"name":"wp","href":"https:\/\/api.w.org\/{rel}","templated":true}]}}