{"id":13,"date":"2020-04-30T14:45:22","date_gmt":"2020-04-30T14:45:22","guid":{"rendered":"https:\/\/brodyandassociates.com\/training\/contact-us\/"},"modified":"2026-02-27T07:26:32","modified_gmt":"2026-02-27T12:26:32","slug":"contact-us","status":"publish","type":"page","link":"https:\/\/brodyandassociates.com\/training\/contact-us\/","title":{"rendered":"Contact Us"},"content":{"rendered":"\n<p>Descubre el placer de apostar con estilo y ambici\u00f3n dentro de <a href=\"https:\/\/casinonation.es\/\" target=\"_blank\" rel=\"noreferrer noopener\">https:\/\/casinonation.es\/<\/a>. Aqu\u00ed te esperan recompensas exclusivas y ventajas premium, mientras el prestigio de la sala acompa\u00f1a tu estrategia y t\u00fa apunta al estatus VIP sin dudar. No esperes m\u00e1s: activa tu sesi\u00f3n y busca el jackpot.<\/p>\n","protected":false},"excerpt":{"rendered":"<p>Descubre el placer de apostar con estilo y ambici\u00f3n dentro de https:\/\/casinonation.es\/. Aqu\u00ed te esperan recompensas exclusivas y ventajas premium, mientras el prestigio de la sala acompa\u00f1a tu estrategia y&hellip;<\/p>\n","protected":false},"author":70,"featured_media":0,"parent":0,"menu_order":0,"comment_status":"closed","ping_status":"closed","template":"","meta":{"footnotes":""},"class_list":["post-13","page","type-page","status-publish","hentry"],"_links":{"self":[{"href":"https:\/\/brodyandassociates.com\/training\/wp-json\/wp\/v2\/pages\/13","targetHints":{"allow":["GET"]}}],"collection":[{"href":"https:\/\/brodyandassociates.com\/training\/wp-json\/wp\/v2\/pages"}],"about":[{"href":"https:\/\/brodyandassociates.com\/training\/wp-json\/wp\/v2\/types\/page"}],"author":[{"embeddable":true,"href":"https:\/\/brodyandassociates.com\/training\/wp-json\/wp\/v2\/users\/70"}],"replies":[{"embeddable":true,"href":"https:\/\/brodyandassociates.com\/training\/wp-json\/wp\/v2\/comments?post=13"}],"version-history":[{"count":3,"href":"https:\/\/brodyandassociates.com\/training\/wp-json\/wp\/v2\/pages\/13\/revisions"}],"predecessor-version":[{"id":1018,"href":"https:\/\/brodyandassociates.com\/training\/wp-json\/wp\/v2\/pages\/13\/revisions\/1018"}],"wp:attachment":[{"href":"https:\/\/brodyandassociates.com\/training\/wp-json\/wp\/v2\/media?parent=13"}],"curies":[{"name":"wp","href":"https:\/\/api.w.org\/{rel}","templated":true}]}}